{"id":246,"date":"2020-07-31T15:26:11","date_gmt":"2020-07-31T13:26:11","guid":{"rendered":"http:\/\/gevox.pl\/?page_id=246"},"modified":"2022-12-10T21:11:19","modified_gmt":"2022-12-10T20:11:19","slug":"oferta","status":"publish","type":"page","link":"https:\/\/gevox.pl\/?page_id=246","title":{"rendered":"OFERTA"},"content":{"rendered":"\t\t<div data-elementor-type=\"wp-page\" data-elementor-id=\"246\" class=\"elementor elementor-246\">\n\t\t\t\t\t\t\t\t\t<section class=\"elementor-section elementor-top-section elementor-element elementor-element-1d0140ff elementor-section-boxed elementor-section-height-default elementor-section-height-default\" data-id=\"1d0140ff\" data-element_type=\"section\">\n\t\t\t\t\t\t<div class=\"elementor-container elementor-column-gap-default\">\n\t\t\t\t\t<div class=\"elementor-column elementor-col-100 elementor-top-column elementor-element elementor-element-558a9fe\" data-id=\"558a9fe\" data-element_type=\"column\">\n\t\t\t<div class=\"elementor-widget-wrap elementor-element-populated\">\n\t\t\t\t\t\t\t\t<div class=\"elementor-element elementor-element-90d1e8c elementor-widget elementor-widget-text-editor\" data-id=\"90d1e8c\" data-element_type=\"widget\" data-widget_type=\"text-editor.default\">\n\t\t\t\t<div class=\"elementor-widget-container\">\n\t\t\t\t\t\t\t<h4 style=\"text-align: center;\">OFERTA<\/h4>\t\t\t\t\t\t<\/div>\n\t\t\t\t<\/div>\n\t\t\t\t\t<\/div>\n\t\t<\/div>\n\t\t\t\t\t\t\t<\/div>\n\t\t<\/section>\n\t\t\t\t<section class=\"elementor-section elementor-top-section elementor-element elementor-element-e0fc2c3 elementor-section-boxed elementor-section-height-default elementor-section-height-default\" data-id=\"e0fc2c3\" data-element_type=\"section\">\n\t\t\t\t\t\t<div class=\"elementor-container elementor-column-gap-default\">\n\t\t\t\t\t<div class=\"elementor-column elementor-col-33 elementor-top-column elementor-element elementor-element-eba4ae9\" data-id=\"eba4ae9\" data-element_type=\"column\">\n\t\t\t<div class=\"elementor-widget-wrap elementor-element-populated\">\n\t\t\t\t\t\t\t\t<div class=\"elementor-element elementor-element-33ca8bb elementor-view-default elementor-position-top elementor-mobile-position-top elementor-widget elementor-widget-icon-box\" data-id=\"33ca8bb\" data-element_type=\"widget\" data-widget_type=\"icon-box.default\">\n\t\t\t\t<div class=\"elementor-widget-container\">\n\t\t\t\t\t<div class=\"elementor-icon-box-wrapper\">\n\t\t\t\t\t\t<div class=\"elementor-icon-box-icon\">\n\t\t\t\t<span  class=\"elementor-icon elementor-animation-\">\n\t\t\t\t<i aria-hidden=\"true\" class=\"fas fa-headphones\"><\/i>\t\t\t\t<\/span>\n\t\t\t<\/div>\n\t\t\t\t\t\t<div class=\"elementor-icon-box-content\">\n\t\t\t\t<h5 class=\"elementor-icon-box-title\">\n\t\t\t\t\t<span  >\n\t\t\t\t\t\tDedykowany ksi\u0119gowy\t\t\t\t\t<\/span>\n\t\t\t\t<\/h5>\n\t\t\t\t\t\t\t\t\t<p class=\"elementor-icon-box-description\">\n\t\t\t\t\t\tDedykowany ksi\u0119gowy b\u0119dzie obs\u0142ugiwa\u0142 Twoj\u0105 dzia\u0142alno\u015b\u0107. Otrzymasz od niego odpowiedzi na pytania dotycz\u0105ce rozliczenia.\t\t\t\t\t<\/p>\n\t\t\t\t\t\t\t<\/div>\n\t\t<\/div>\n\t\t\t\t<\/div>\n\t\t\t\t<\/div>\n\t\t\t\t\t<\/div>\n\t\t<\/div>\n\t\t\t\t<div class=\"elementor-column elementor-col-33 elementor-top-column elementor-element elementor-element-f7de51f\" data-id=\"f7de51f\" data-element_type=\"column\">\n\t\t\t<div class=\"elementor-widget-wrap elementor-element-populated\">\n\t\t\t\t\t\t\t\t<div class=\"elementor-element elementor-element-ac7ad48 elementor-view-default elementor-position-top elementor-mobile-position-top elementor-widget elementor-widget-icon-box\" data-id=\"ac7ad48\" data-element_type=\"widget\" data-widget_type=\"icon-box.default\">\n\t\t\t\t<div class=\"elementor-widget-container\">\n\t\t\t\t\t<div class=\"elementor-icon-box-wrapper\">\n\t\t\t\t\t\t<div class=\"elementor-icon-box-icon\">\n\t\t\t\t<span  class=\"elementor-icon elementor-animation-\">\n\t\t\t\t<i aria-hidden=\"true\" class=\"fas fa-hands-helping\"><\/i>\t\t\t\t<\/span>\n\t\t\t<\/div>\n\t\t\t\t\t\t<div class=\"elementor-icon-box-content\">\n\t\t\t\t<h5 class=\"elementor-icon-box-title\">\n\t\t\t\t\t<span  >\n\t\t\t\t\t\tKorespondencja z ZUS i US\t\t\t\t\t<\/span>\n\t\t\t\t<\/h5>\n\t\t\t\t\t\t\t\t\t<p class=\"elementor-icon-box-description\">\n\t\t\t\t\t\tPomo\u017cemy Ci w sprawach zwi\u0105zanych <br> z korespondencj\u0105 ZUS i US\t\t\t\t\t<\/p>\n\t\t\t\t\t\t\t<\/div>\n\t\t<\/div>\n\t\t\t\t<\/div>\n\t\t\t\t<\/div>\n\t\t\t\t\t<\/div>\n\t\t<\/div>\n\t\t\t\t<div class=\"elementor-column elementor-col-33 elementor-top-column elementor-element elementor-element-49edc6a\" data-id=\"49edc6a\" data-element_type=\"column\">\n\t\t\t<div class=\"elementor-widget-wrap elementor-element-populated\">\n\t\t\t\t\t\t\t\t<div class=\"elementor-element elementor-element-6d5e08e elementor-view-default elementor-position-top elementor-mobile-position-top elementor-widget elementor-widget-icon-box\" data-id=\"6d5e08e\" data-element_type=\"widget\" data-widget_type=\"icon-box.default\">\n\t\t\t\t<div class=\"elementor-widget-container\">\n\t\t\t\t\t<div class=\"elementor-icon-box-wrapper\">\n\t\t\t\t\t\t<div class=\"elementor-icon-box-icon\">\n\t\t\t\t<span  class=\"elementor-icon elementor-animation-\">\n\t\t\t\t<i aria-hidden=\"true\" class=\"fas fa-check\"><\/i>\t\t\t\t<\/span>\n\t\t\t<\/div>\n\t\t\t\t\t\t<div class=\"elementor-icon-box-content\">\n\t\t\t\t<h5 class=\"elementor-icon-box-title\">\n\t\t\t\t\t<span  >\n\t\t\t\t\t\tUbezpieczenie\t\t\t\t\t<\/span>\n\t\t\t\t<\/h5>\n\t\t\t\t\t\t\t\t\t<p class=\"elementor-icon-box-description\">\n\t\t\t\t\t\tDla bezpiecze\u0144stwa klient\u00f3w\nposiadamy ubezpieczenie cywilne dla \u015bwiadczenia us\u0142ug ksi\u0119gowych.\t\t\t\t\t<\/p>\n\t\t\t\t\t\t\t<\/div>\n\t\t<\/div>\n\t\t\t\t<\/div>\n\t\t\t\t<\/div>\n\t\t\t\t\t<\/div>\n\t\t<\/div>\n\t\t\t\t\t\t\t<\/div>\n\t\t<\/section>\n\t\t\t\t<section class=\"elementor-section elementor-top-section elementor-element elementor-element-4a5987e elementor-section-boxed elementor-section-height-default elementor-section-height-default\" data-id=\"4a5987e\" data-element_type=\"section\">\n\t\t\t\t\t\t<div class=\"elementor-container elementor-column-gap-default\">\n\t\t\t\t\t<div class=\"elementor-column elementor-col-33 elementor-top-column elementor-element elementor-element-6cd7aad\" data-id=\"6cd7aad\" data-element_type=\"column\">\n\t\t\t<div class=\"elementor-widget-wrap elementor-element-populated\">\n\t\t\t\t\t\t\t\t<div class=\"elementor-element elementor-element-6d819a2 elementor-view-default elementor-position-top elementor-mobile-position-top elementor-widget elementor-widget-icon-box\" data-id=\"6d819a2\" data-element_type=\"widget\" data-widget_type=\"icon-box.default\">\n\t\t\t\t<div class=\"elementor-widget-container\">\n\t\t\t\t\t<div class=\"elementor-icon-box-wrapper\">\n\t\t\t\t\t\t<div class=\"elementor-icon-box-icon\">\n\t\t\t\t<span  class=\"elementor-icon elementor-animation-\">\n\t\t\t\t<i aria-hidden=\"true\" class=\"fab fa-sistrix\"><\/i>\t\t\t\t<\/span>\n\t\t\t<\/div>\n\t\t\t\t\t\t<div class=\"elementor-icon-box-content\">\n\t\t\t\t<h5 class=\"elementor-icon-box-title\">\n\t\t\t\t\t<span  >\n\t\t\t\t\t\tWyprowadzanie zaleg\u0142o\u015bci\t\t\t\t\t<\/span>\n\t\t\t\t<\/h5>\n\t\t\t\t\t\t\t\t\t<p class=\"elementor-icon-box-description\">\n\t\t\t\t\t\tMasz zaleg\u0142o\u015bci do nadrobienia? <br>Skontaktuj si\u0119 z nami w celu ich wyprowadzenia.\t\t\t\t\t<\/p>\n\t\t\t\t\t\t\t<\/div>\n\t\t<\/div>\n\t\t\t\t<\/div>\n\t\t\t\t<\/div>\n\t\t\t\t\t<\/div>\n\t\t<\/div>\n\t\t\t\t<div class=\"elementor-column elementor-col-33 elementor-top-column elementor-element elementor-element-0b3db45\" data-id=\"0b3db45\" data-element_type=\"column\">\n\t\t\t<div class=\"elementor-widget-wrap elementor-element-populated\">\n\t\t\t\t\t\t\t\t<div class=\"elementor-element elementor-element-4c56f79 elementor-view-default elementor-position-top elementor-mobile-position-top elementor-widget elementor-widget-icon-box\" data-id=\"4c56f79\" data-element_type=\"widget\" data-widget_type=\"icon-box.default\">\n\t\t\t\t<div class=\"elementor-widget-container\">\n\t\t\t\t\t<div class=\"elementor-icon-box-wrapper\">\n\t\t\t\t\t\t<div class=\"elementor-icon-box-icon\">\n\t\t\t\t<span  class=\"elementor-icon elementor-animation-\">\n\t\t\t\t<i aria-hidden=\"true\" class=\"fas fa-money-check\"><\/i>\t\t\t\t<\/span>\n\t\t\t<\/div>\n\t\t\t\t\t\t<div class=\"elementor-icon-box-content\">\n\t\t\t\t<h5 class=\"elementor-icon-box-title\">\n\t\t\t\t\t<span  >\n\t\t\t\t\t\tObs\u0142uga p\u0142acowa\t\t\t\t\t<\/span>\n\t\t\t\t<\/h5>\n\t\t\t\t\t\t\t\t\t<p class=\"elementor-icon-box-description\">\n\t\t\t\t\t\tJe\u015bli zatrudniasz pracownik\u00f3w, naliczymy za Ciebie wynagrodzenia i przygotujemy deklaracje rozliczeniowe do ZUS.\t\t\t\t\t<\/p>\n\t\t\t\t\t\t\t<\/div>\n\t\t<\/div>\n\t\t\t\t<\/div>\n\t\t\t\t<\/div>\n\t\t\t\t\t<\/div>\n\t\t<\/div>\n\t\t\t\t<div class=\"elementor-column elementor-col-33 elementor-top-column elementor-element elementor-element-e628a70\" data-id=\"e628a70\" data-element_type=\"column\">\n\t\t\t<div class=\"elementor-widget-wrap elementor-element-populated\">\n\t\t\t\t\t\t\t\t<div class=\"elementor-element elementor-element-034a462 elementor-view-default elementor-position-top elementor-mobile-position-top elementor-widget elementor-widget-icon-box\" data-id=\"034a462\" data-element_type=\"widget\" data-widget_type=\"icon-box.default\">\n\t\t\t\t<div class=\"elementor-widget-container\">\n\t\t\t\t\t<div class=\"elementor-icon-box-wrapper\">\n\t\t\t\t\t\t<div class=\"elementor-icon-box-icon\">\n\t\t\t\t<span  class=\"elementor-icon elementor-animation-\">\n\t\t\t\t<i aria-hidden=\"true\" class=\"far fa-smile\"><\/i>\t\t\t\t<\/span>\n\t\t\t<\/div>\n\t\t\t\t\t\t<div class=\"elementor-icon-box-content\">\n\t\t\t\t<h5 class=\"elementor-icon-box-title\">\n\t\t\t\t\t<span  >\n\t\t\t\t\t\tRozliczenie roczne\t\t\t\t\t<\/span>\n\t\t\t\t<\/h5>\n\t\t\t\t\t\t\t\t\t<p class=\"elementor-icon-box-description\">\n\t\t\t\t\t\tPo sko\u0144czonym roku mo\u017cemy przygotowa\u0107 dla Ciebie zeznanie roczne PIT-36, PIT-36L, PIT-28.\t\t\t\t\t<\/p>\n\t\t\t\t\t\t\t<\/div>\n\t\t<\/div>\n\t\t\t\t<\/div>\n\t\t\t\t<\/div>\n\t\t\t\t\t<\/div>\n\t\t<\/div>\n\t\t\t\t\t\t\t<\/div>\n\t\t<\/section>\n\t\t\t\t\t\t\t<\/div>\n\t\t","protected":false},"excerpt":{"rendered":"<p>OFERTA Dedykowany ksi\u0119gowy Dedykowany ksi\u0119gowy b\u0119dzie obs\u0142ugiwa\u0142 Twoj\u0105 dzia\u0142alno\u015b\u0107. Otrzymasz od niego odpowiedzi na pytania dotycz\u0105ce rozliczenia. Korespondencja z ZUS i US Pomo\u017cemy Ci w sprawach zwi\u0105zanych z korespondencj\u0105 ZUS i US Ubezpieczenie Dla bezpiecze\u0144stwa klient\u00f3w posiadamy ubezpieczenie cywilne dla \u015bwiadczenia us\u0142ug ksi\u0119gowych. Wyprowadzanie zaleg\u0142o\u015bci Masz zaleg\u0142o\u015bci do nadrobienia? Skontaktuj si\u0119 z nami w celu [&hellip;]<\/p>\n","protected":false},"author":1,"featured_media":0,"parent":0,"menu_order":0,"comment_status":"closed","ping_status":"closed","template":"","meta":{"_editorskit_title_hidden":false,"_editorskit_reading_time":1,"_editorskit_is_block_options_detached":false,"_editorskit_block_options_position":"{}","footnotes":""},"yoast_head":"<!-- This site is optimized with the Yoast SEO plugin v22.6 - https:\/\/yoast.com\/wordpress\/plugins\/seo\/ -->\n<title>Biuro Rachunkowe Gda\u0144sk GevoX.pl - Kamil Chy\u0142a - OFERTA<\/title>\n<meta name=\"description\" content=\"Profesjonalne biuro rachunkowe. Prowadzenie ksi\u0119gowo\u015bci, rachunkowo\u015bci na terenie Gda\u0144ska. Pomo\u017cemy za\u0142o\u017cy\u0107 dzia\u0142ano\u015b\u0107 gospodarcz\u0105 i dope\u0142ni\u0107 formalno\u015bci.\" \/>\n<meta name=\"robots\" content=\"index, follow, max-snippet:-1, max-image-preview:large, max-video-preview:-1\" \/>\n<link rel=\"canonical\" href=\"https:\/\/gevox.pl\/?page_id=246\" \/>\n<meta property=\"og:locale\" content=\"pl_PL\" \/>\n<meta property=\"og:type\" content=\"article\" \/>\n<meta property=\"og:title\" content=\"Biuro Rachunkowe Gda\u0144sk GevoX.pl - Kamil Chy\u0142a - OFERTA\" \/>\n<meta property=\"og:description\" content=\"Profesjonalne biuro rachunkowe. Prowadzenie ksi\u0119gowo\u015bci, rachunkowo\u015bci na terenie Gda\u0144ska. Pomo\u017cemy za\u0142o\u017cy\u0107 dzia\u0142ano\u015b\u0107 gospodarcz\u0105 i dope\u0142ni\u0107 formalno\u015bci.\" \/>\n<meta property=\"og:url\" content=\"https:\/\/gevox.pl\/?page_id=246\" \/>\n<meta property=\"og:site_name\" content=\"Biuro Rachunkowe Gda\u0144sk GevoX.pl\" \/>\n<meta property=\"article:modified_time\" content=\"2022-12-10T20:11:19+00:00\" \/>\n<meta name=\"twitter:card\" content=\"summary_large_image\" \/>\n<meta name=\"twitter:label1\" content=\"Szacowany czas czytania\" \/>\n\t<meta name=\"twitter:data1\" content=\"1 minuta\" \/>\n<script type=\"application\/ld+json\" class=\"yoast-schema-graph\">{\"@context\":\"https:\/\/schema.org\",\"@graph\":[{\"@type\":\"WebPage\",\"@id\":\"https:\/\/gevox.pl\/?page_id=246\",\"url\":\"https:\/\/gevox.pl\/?page_id=246\",\"name\":\"Biuro Rachunkowe Gda\u0144sk GevoX.pl - Kamil Chy\u0142a - OFERTA\",\"isPartOf\":{\"@id\":\"https:\/\/gevox.pl\/#website\"},\"datePublished\":\"2020-07-31T13:26:11+00:00\",\"dateModified\":\"2022-12-10T20:11:19+00:00\",\"description\":\"Profesjonalne biuro rachunkowe. Prowadzenie ksi\u0119gowo\u015bci, rachunkowo\u015bci na terenie Gda\u0144ska. Pomo\u017cemy za\u0142o\u017cy\u0107 dzia\u0142ano\u015b\u0107 gospodarcz\u0105 i dope\u0142ni\u0107 formalno\u015bci.\",\"breadcrumb\":{\"@id\":\"https:\/\/gevox.pl\/?page_id=246#breadcrumb\"},\"inLanguage\":\"pl-PL\",\"potentialAction\":[{\"@type\":\"ReadAction\",\"target\":[\"https:\/\/gevox.pl\/?page_id=246\"]}]},{\"@type\":\"BreadcrumbList\",\"@id\":\"https:\/\/gevox.pl\/?page_id=246#breadcrumb\",\"itemListElement\":[{\"@type\":\"ListItem\",\"position\":1,\"name\":\"Strona g\u0142\u00f3wna\",\"item\":\"https:\/\/gevox.pl\/\"},{\"@type\":\"ListItem\",\"position\":2,\"name\":\"OFERTA\"}]},{\"@type\":\"WebSite\",\"@id\":\"https:\/\/gevox.pl\/#website\",\"url\":\"https:\/\/gevox.pl\/\",\"name\":\"Biuro Rachunkowe Gda\u0144sk GevoX.pl\",\"description\":\"Biuro Rachunkowe Gda\u0144sk. Ksi\u0119gowo\u015b\u0107 Gda\u0144sk. Ksi\u0119gowa, ksi\u0119gowy. Doradztwo podatkowe Gda\u0144sk. Us\u0142ugi ksi\u0119gowe. Biuro ksi\u0119gowe us\u0142ugi rachunkowe\",\"publisher\":{\"@id\":\"https:\/\/gevox.pl\/#organization\"},\"potentialAction\":[{\"@type\":\"SearchAction\",\"target\":{\"@type\":\"EntryPoint\",\"urlTemplate\":\"https:\/\/gevox.pl\/?s={search_term_string}\"},\"query-input\":\"required name=search_term_string\"}],\"inLanguage\":\"pl-PL\"},{\"@type\":\"Organization\",\"@id\":\"https:\/\/gevox.pl\/#organization\",\"name\":\"Biuro Rachunkowe GevoX Kamil Chy\u0142a\",\"url\":\"https:\/\/gevox.pl\/\",\"logo\":{\"@type\":\"ImageObject\",\"inLanguage\":\"pl-PL\",\"@id\":\"https:\/\/gevox.pl\/#\/schema\/logo\/image\/\",\"url\":\"https:\/\/gevox.pl\/wp-content\/uploads\/2020\/08\/logo_google.png\",\"contentUrl\":\"https:\/\/gevox.pl\/wp-content\/uploads\/2020\/08\/logo_google.png\",\"width\":1802,\"height\":1686,\"caption\":\"Biuro Rachunkowe GevoX Kamil Chy\u0142a\"},\"image\":{\"@id\":\"https:\/\/gevox.pl\/#\/schema\/logo\/image\/\"}}]}<\/script>\n<!-- \/ Yoast SEO plugin. -->","yoast_head_json":{"title":"Biuro Rachunkowe Gda\u0144sk GevoX.pl - Kamil Chy\u0142a - OFERTA","description":"Profesjonalne biuro rachunkowe. Prowadzenie ksi\u0119gowo\u015bci, rachunkowo\u015bci na terenie Gda\u0144ska. Pomo\u017cemy za\u0142o\u017cy\u0107 dzia\u0142ano\u015b\u0107 gospodarcz\u0105 i dope\u0142ni\u0107 formalno\u015bci.","robots":{"index":"index","follow":"follow","max-snippet":"max-snippet:-1","max-image-preview":"max-image-preview:large","max-video-preview":"max-video-preview:-1"},"canonical":"https:\/\/gevox.pl\/?page_id=246","og_locale":"pl_PL","og_type":"article","og_title":"Biuro Rachunkowe Gda\u0144sk GevoX.pl - Kamil Chy\u0142a - OFERTA","og_description":"Profesjonalne biuro rachunkowe. Prowadzenie ksi\u0119gowo\u015bci, rachunkowo\u015bci na terenie Gda\u0144ska. Pomo\u017cemy za\u0142o\u017cy\u0107 dzia\u0142ano\u015b\u0107 gospodarcz\u0105 i dope\u0142ni\u0107 formalno\u015bci.","og_url":"https:\/\/gevox.pl\/?page_id=246","og_site_name":"Biuro Rachunkowe Gda\u0144sk GevoX.pl","article_modified_time":"2022-12-10T20:11:19+00:00","twitter_card":"summary_large_image","twitter_misc":{"Szacowany czas czytania":"1 minuta"},"schema":{"@context":"https:\/\/schema.org","@graph":[{"@type":"WebPage","@id":"https:\/\/gevox.pl\/?page_id=246","url":"https:\/\/gevox.pl\/?page_id=246","name":"Biuro Rachunkowe Gda\u0144sk GevoX.pl - Kamil Chy\u0142a - OFERTA","isPartOf":{"@id":"https:\/\/gevox.pl\/#website"},"datePublished":"2020-07-31T13:26:11+00:00","dateModified":"2022-12-10T20:11:19+00:00","description":"Profesjonalne biuro rachunkowe. Prowadzenie ksi\u0119gowo\u015bci, rachunkowo\u015bci na terenie Gda\u0144ska. Pomo\u017cemy za\u0142o\u017cy\u0107 dzia\u0142ano\u015b\u0107 gospodarcz\u0105 i dope\u0142ni\u0107 formalno\u015bci.","breadcrumb":{"@id":"https:\/\/gevox.pl\/?page_id=246#breadcrumb"},"inLanguage":"pl-PL","potentialAction":[{"@type":"ReadAction","target":["https:\/\/gevox.pl\/?page_id=246"]}]},{"@type":"BreadcrumbList","@id":"https:\/\/gevox.pl\/?page_id=246#breadcrumb","itemListElement":[{"@type":"ListItem","position":1,"name":"Strona g\u0142\u00f3wna","item":"https:\/\/gevox.pl\/"},{"@type":"ListItem","position":2,"name":"OFERTA"}]},{"@type":"WebSite","@id":"https:\/\/gevox.pl\/#website","url":"https:\/\/gevox.pl\/","name":"Biuro Rachunkowe Gda\u0144sk GevoX.pl","description":"Biuro Rachunkowe Gda\u0144sk. Ksi\u0119gowo\u015b\u0107 Gda\u0144sk. Ksi\u0119gowa, ksi\u0119gowy. Doradztwo podatkowe Gda\u0144sk. Us\u0142ugi ksi\u0119gowe. Biuro ksi\u0119gowe us\u0142ugi rachunkowe","publisher":{"@id":"https:\/\/gevox.pl\/#organization"},"potentialAction":[{"@type":"SearchAction","target":{"@type":"EntryPoint","urlTemplate":"https:\/\/gevox.pl\/?s={search_term_string}"},"query-input":"required name=search_term_string"}],"inLanguage":"pl-PL"},{"@type":"Organization","@id":"https:\/\/gevox.pl\/#organization","name":"Biuro Rachunkowe GevoX Kamil Chy\u0142a","url":"https:\/\/gevox.pl\/","logo":{"@type":"ImageObject","inLanguage":"pl-PL","@id":"https:\/\/gevox.pl\/#\/schema\/logo\/image\/","url":"https:\/\/gevox.pl\/wp-content\/uploads\/2020\/08\/logo_google.png","contentUrl":"https:\/\/gevox.pl\/wp-content\/uploads\/2020\/08\/logo_google.png","width":1802,"height":1686,"caption":"Biuro Rachunkowe GevoX Kamil Chy\u0142a"},"image":{"@id":"https:\/\/gevox.pl\/#\/schema\/logo\/image\/"}}]}},"_links":{"self":[{"href":"https:\/\/gevox.pl\/index.php?rest_route=\/wp\/v2\/pages\/246"}],"collection":[{"href":"https:\/\/gevox.pl\/index.php?rest_route=\/wp\/v2\/pages"}],"about":[{"href":"https:\/\/gevox.pl\/index.php?rest_route=\/wp\/v2\/types\/page"}],"author":[{"embeddable":true,"href":"https:\/\/gevox.pl\/index.php?rest_route=\/wp\/v2\/users\/1"}],"replies":[{"embeddable":true,"href":"https:\/\/gevox.pl\/index.php?rest_route=%2Fwp%2Fv2%2Fcomments&post=246"}],"version-history":[{"count":25,"href":"https:\/\/gevox.pl\/index.php?rest_route=\/wp\/v2\/pages\/246\/revisions"}],"predecessor-version":[{"id":709,"href":"https:\/\/gevox.pl\/index.php?rest_route=\/wp\/v2\/pages\/246\/revisions\/709"}],"wp:attachment":[{"href":"https:\/\/gevox.pl\/index.php?rest_route=%2Fwp%2Fv2%2Fmedia&parent=246"}],"curies":[{"name":"wp","href":"https:\/\/api.w.org\/{rel}","templated":true}]}}