{"id":250,"date":"2020-07-31T15:27:13","date_gmt":"2020-07-31T13:27:13","guid":{"rendered":"http:\/\/gevox.pl\/?page_id=250"},"modified":"2026-05-11T09:24:02","modified_gmt":"2026-05-11T07:24:02","slug":"gevox-pl","status":"publish","type":"page","link":"https:\/\/gevox.pl\/?page_id=250","title":{"rendered":"KONTAKT"},"content":{"rendered":"\t\t<div data-elementor-type=\"wp-page\" data-elementor-id=\"250\" class=\"elementor elementor-250\">\n\t\t\t\t\t\t\t\t\t<section class=\"elementor-section elementor-top-section elementor-element elementor-element-385e7868 elementor-section-boxed elementor-section-height-default elementor-section-height-default\" data-id=\"385e7868\" data-element_type=\"section\">\n\t\t\t\t\t\t<div class=\"elementor-container elementor-column-gap-default\">\n\t\t\t\t\t<div class=\"elementor-column elementor-col-100 elementor-top-column elementor-element elementor-element-61ea6583\" data-id=\"61ea6583\" data-element_type=\"column\">\n\t\t\t<div class=\"elementor-widget-wrap elementor-element-populated\">\n\t\t\t\t\t\t\t\t<section class=\"elementor-section elementor-inner-section elementor-element elementor-element-6a75294 elementor-section-boxed elementor-section-height-default elementor-section-height-default\" data-id=\"6a75294\" data-element_type=\"section\">\n\t\t\t\t\t\t<div class=\"elementor-container elementor-column-gap-default\">\n\t\t\t\t\t<div class=\"elementor-column elementor-col-50 elementor-inner-column elementor-element elementor-element-7189b62\" data-id=\"7189b62\" data-element_type=\"column\">\n\t\t\t<div class=\"elementor-widget-wrap elementor-element-populated\">\n\t\t\t\t\t\t\t\t<div class=\"elementor-element elementor-element-e6b193b elementor-widget elementor-widget-text-editor\" data-id=\"e6b193b\" data-element_type=\"widget\" data-widget_type=\"text-editor.default\">\n\t\t\t\t<div class=\"elementor-widget-container\">\n\t\t\t\t\t\t\t<h5>Dane do kontaktu:<\/h5>\t\t\t\t\t\t<\/div>\n\t\t\t\t<\/div>\n\t\t\t\t<div class=\"elementor-element elementor-element-dc3edc7 elementor-icon-list--layout-traditional elementor-list-item-link-full_width elementor-widget elementor-widget-icon-list\" data-id=\"dc3edc7\" data-element_type=\"widget\" data-widget_type=\"icon-list.default\">\n\t\t\t\t<div class=\"elementor-widget-container\">\n\t\t\t\t\t<ul class=\"elementor-icon-list-items\">\n\t\t\t\t\t\t\t<li class=\"elementor-icon-list-item\">\n\t\t\t\t\t\t\t\t\t\t\t<span class=\"elementor-icon-list-icon\">\n\t\t\t\t\t\t\t<i aria-hidden=\"true\" class=\"fas fa-phone-alt\"><\/i>\t\t\t\t\t\t<\/span>\n\t\t\t\t\t\t\t\t\t\t<span class=\"elementor-icon-list-text\">tel. kom\u00f3rkowy: +48 789-099-061<\/span>\n\t\t\t\t\t\t\t\t\t<\/li>\n\t\t\t\t\t\t\t\t<li class=\"elementor-icon-list-item\">\n\t\t\t\t\t\t\t\t\t\t\t<span class=\"elementor-icon-list-icon\">\n\t\t\t\t\t\t\t<i aria-hidden=\"true\" class=\"far fa-envelope\"><\/i>\t\t\t\t\t\t<\/span>\n\t\t\t\t\t\t\t\t\t\t<span class=\"elementor-icon-list-text\">e-mail: info@gevox.pl<\/span>\n\t\t\t\t\t\t\t\t\t<\/li>\n\t\t\t\t\t\t\t\t<li class=\"elementor-icon-list-item\">\n\t\t\t\t\t\t\t\t\t\t\t<a href=\"https:\/\/www.facebook.com\/gevoxbiuro\">\n\n\t\t\t\t\t\t\t\t\t\t\t\t<span class=\"elementor-icon-list-icon\">\n\t\t\t\t\t\t\t<i aria-hidden=\"true\" class=\"fab fa-facebook-square\"><\/i>\t\t\t\t\t\t<\/span>\n\t\t\t\t\t\t\t\t\t\t<span class=\"elementor-icon-list-text\">Facebook<\/span>\n\t\t\t\t\t\t\t\t\t\t\t<\/a>\n\t\t\t\t\t\t\t\t\t<\/li>\n\t\t\t\t\t\t<\/ul>\n\t\t\t\t<\/div>\n\t\t\t\t<\/div>\n\t\t\t\t<div class=\"elementor-element elementor-element-f7aab5c elementor-widget elementor-widget-text-editor\" data-id=\"f7aab5c\" data-element_type=\"widget\" data-settings=\"{&quot;_animation&quot;:&quot;none&quot;}\" data-widget_type=\"text-editor.default\">\n\t\t\t\t<div class=\"elementor-widget-container\">\n\t\t\t\t\t\t\t<h5 style=\"text-align: left;\"><b>Godziny otwarcia:<\/b><\/h5><p style=\"text-align: left;\"><span style=\"font-size: 1rem;\">08:00 &#8211; 14:30 Poniedzia\u0142ek<br \/><\/span><span style=\"font-size: 1rem;\">08:00 &#8211; 14:30<\/span><span style=\"font-size: 1rem;\">\u00a0Wtorek<br \/><\/span><span style=\"font-size: 1rem;\">08:00 &#8211; 14:30<\/span><span style=\"font-size: 1rem;\">\u00a0\u015aroda<br \/><\/span><span style=\"font-size: 1rem;\">08:00 &#8211; 14:30<\/span><span style=\"font-size: 1rem;\">\u00a0Czwartek<br \/><\/span><span style=\"font-size: 1rem;\">08:00 &#8211; 14:30<\/span><span style=\"font-size: 1rem;\">\u00a0Pi\u0105tek<\/span><\/p>\t\t\t\t\t\t<\/div>\n\t\t\t\t<\/div>\n\t\t\t\t\t<\/div>\n\t\t<\/div>\n\t\t\t\t<div class=\"elementor-column elementor-col-50 elementor-inner-column elementor-element elementor-element-0bde6e0\" data-id=\"0bde6e0\" data-element_type=\"column\">\n\t\t\t<div class=\"elementor-widget-wrap elementor-element-populated\">\n\t\t\t\t\t\t\t\t<div class=\"elementor-element elementor-element-c730324 elementor-widget elementor-widget-text-editor\" data-id=\"c730324\" data-element_type=\"widget\" data-widget_type=\"text-editor.default\">\n\t\t\t\t<div class=\"elementor-widget-container\">\n\t\t\t\t\t\t\t<h5>Dane<strong>\u00a0firmy<\/strong><\/h5><p><strong>GevoX.pl Kamil Chy\u0142a<\/strong><br \/><span style=\"font-size: 1rem;\">ul. Zygmunta Noskowskiego 11\/U2<br \/><\/span><span style=\"font-size: 1rem;\">80-170 Gda\u0144sk<br \/><\/span><span style=\"font-size: 1rem;\">NIP: 5833401895<br \/><\/span><span style=\"font-size: 1rem;\">REGON: 386542727<\/span><\/p><p>\u00a0<\/p>\t\t\t\t\t\t<\/div>\n\t\t\t\t<\/div>\n\t\t\t\t\t<\/div>\n\t\t<\/div>\n\t\t\t\t\t\t\t<\/div>\n\t\t<\/section>\n\t\t\t\t<div class=\"elementor-element elementor-element-d609f04 elementor-widget-divider--view-line elementor-widget elementor-widget-divider\" data-id=\"d609f04\" data-element_type=\"widget\" data-widget_type=\"divider.default\">\n\t\t\t\t<div class=\"elementor-widget-container\">\n\t\t\t\t\t<div class=\"elementor-divider\">\n\t\t\t<span class=\"elementor-divider-separator\">\n\t\t\t\t\t\t<\/span>\n\t\t<\/div>\n\t\t\t\t<\/div>\n\t\t\t\t<\/div>\n\t\t\t\t\t<\/div>\n\t\t<\/div>\n\t\t\t\t\t\t\t<\/div>\n\t\t<\/section>\n\t\t\t\t<section class=\"elementor-section elementor-top-section elementor-element elementor-element-603ae1b elementor-section-boxed elementor-section-height-default elementor-section-height-default\" data-id=\"603ae1b\" data-element_type=\"section\">\n\t\t\t\t\t\t<div class=\"elementor-container elementor-column-gap-default\">\n\t\t\t\t\t<div class=\"elementor-column elementor-col-100 elementor-top-column elementor-element elementor-element-66e160e\" data-id=\"66e160e\" data-element_type=\"column\">\n\t\t\t<div class=\"elementor-widget-wrap elementor-element-populated\">\n\t\t\t\t\t\t\t\t<div class=\"elementor-element elementor-element-4410248 elementor-widget__width-inherit elementor-widget elementor-widget-google_maps\" data-id=\"4410248\" data-element_type=\"widget\" data-settings=\"{&quot;_animation_mobile&quot;:&quot;none&quot;}\" data-widget_type=\"google_maps.default\">\n\t\t\t\t<div class=\"elementor-widget-container\">\n\t\t\t\t\t<div class=\"elementor-custom-embed\">\n\t\t\t<iframe loading=\"lazy\"\n\t\t\t\t\tsrc=\"https:\/\/maps.google.com\/maps?q=Biuro%20Rachunkowe%20GevoX.pl&#038;t=m&#038;z=13&#038;output=embed&#038;iwloc=near\"\n\t\t\t\t\ttitle=\"Biuro Rachunkowe GevoX.pl\"\n\t\t\t\t\taria-label=\"Biuro Rachunkowe GevoX.pl\"\n\t\t\t><\/iframe>\n\t\t<\/div>\n\t\t\t\t<\/div>\n\t\t\t\t<\/div>\n\t\t\t\t\t<\/div>\n\t\t<\/div>\n\t\t\t\t\t\t\t<\/div>\n\t\t<\/section>\n\t\t\t\t\t\t\t<\/div>\n\t\t","protected":false},"excerpt":{"rendered":"<p>Dane do kontaktu: tel. kom\u00f3rkowy: +48 789-099-061 e-mail: info@gevox.pl Facebook Godziny otwarcia: 08:00 &#8211; 14:30 Poniedzia\u0142ek08:00 &#8211; 14:30\u00a0Wtorek08:00 &#8211; 14:30\u00a0\u015aroda08:00 &#8211; 14:30\u00a0Czwartek08:00 &#8211; 14:30\u00a0Pi\u0105tek Dane\u00a0firmy GevoX.pl Kamil Chy\u0142aul. Zygmunta Noskowskiego 11\/U280-170 Gda\u0144skNIP: 5833401895REGON: 386542727 \u00a0<\/p>\n","protected":false},"author":1,"featured_media":0,"parent":0,"menu_order":0,"comment_status":"closed","ping_status":"closed","template":"","meta":{"_editorskit_title_hidden":false,"_editorskit_reading_time":1,"_editorskit_is_block_options_detached":false,"_editorskit_block_options_position":"{}","footnotes":""},"yoast_head":"<!-- This site is optimized with the Yoast SEO plugin v22.6 - https:\/\/yoast.com\/wordpress\/plugins\/seo\/ -->\n<title>Biuro Rachunkowe Gda\u0144sk GevoX.pl - KONTAKT - Kamil Chy\u0142a<\/title>\n<meta name=\"description\" content=\"Biuro Rachunkowe Gda\u0144sk GevoX.pl. Ksi\u0119gowo\u015b\u0107 Gda\u0144sk. Ksi\u0119gowa, ksi\u0119gowy. Doradztwo podatkowe Gda\u0144sk. Us\u0142ugi ksi\u0119gowe. Biuro ksi\u0119gowe. Cennik.\" \/>\n<meta name=\"robots\" content=\"index, follow, max-snippet:-1, max-image-preview:large, max-video-preview:-1\" \/>\n<link rel=\"canonical\" href=\"https:\/\/gevox.pl\/?page_id=250\" \/>\n<meta property=\"og:locale\" content=\"pl_PL\" \/>\n<meta property=\"og:type\" content=\"article\" \/>\n<meta property=\"og:title\" content=\"Biuro Rachunkowe Gda\u0144sk GevoX.pl - KONTAKT - Kamil Chy\u0142a\" \/>\n<meta property=\"og:description\" content=\"Biuro Rachunkowe Gda\u0144sk GevoX.pl. Ksi\u0119gowo\u015b\u0107 Gda\u0144sk. Ksi\u0119gowa, ksi\u0119gowy. Doradztwo podatkowe Gda\u0144sk. Us\u0142ugi ksi\u0119gowe. Biuro ksi\u0119gowe. Cennik.\" \/>\n<meta property=\"og:url\" content=\"https:\/\/gevox.pl\/?page_id=250\" \/>\n<meta property=\"og:site_name\" content=\"Biuro Rachunkowe Gda\u0144sk GevoX.pl\" \/>\n<meta property=\"article:modified_time\" content=\"2026-05-11T07:24:02+00:00\" \/>\n<meta name=\"twitter:card\" content=\"summary_large_image\" \/>\n<meta name=\"twitter:label1\" content=\"Szacowany czas czytania\" \/>\n\t<meta name=\"twitter:data1\" content=\"1 minuta\" \/>\n<script type=\"application\/ld+json\" class=\"yoast-schema-graph\">{\"@context\":\"https:\/\/schema.org\",\"@graph\":[{\"@type\":\"WebPage\",\"@id\":\"https:\/\/gevox.pl\/?page_id=250\",\"url\":\"https:\/\/gevox.pl\/?page_id=250\",\"name\":\"Biuro Rachunkowe Gda\u0144sk GevoX.pl - KONTAKT - Kamil Chy\u0142a\",\"isPartOf\":{\"@id\":\"https:\/\/gevox.pl\/#website\"},\"datePublished\":\"2020-07-31T13:27:13+00:00\",\"dateModified\":\"2026-05-11T07:24:02+00:00\",\"description\":\"Biuro Rachunkowe Gda\u0144sk GevoX.pl. Ksi\u0119gowo\u015b\u0107 Gda\u0144sk. Ksi\u0119gowa, ksi\u0119gowy. Doradztwo podatkowe Gda\u0144sk. Us\u0142ugi ksi\u0119gowe. Biuro ksi\u0119gowe. Cennik.\",\"breadcrumb\":{\"@id\":\"https:\/\/gevox.pl\/?page_id=250#breadcrumb\"},\"inLanguage\":\"pl-PL\",\"potentialAction\":[{\"@type\":\"ReadAction\",\"target\":[\"https:\/\/gevox.pl\/?page_id=250\"]}]},{\"@type\":\"BreadcrumbList\",\"@id\":\"https:\/\/gevox.pl\/?page_id=250#breadcrumb\",\"itemListElement\":[{\"@type\":\"ListItem\",\"position\":1,\"name\":\"Strona g\u0142\u00f3wna\",\"item\":\"https:\/\/gevox.pl\/\"},{\"@type\":\"ListItem\",\"position\":2,\"name\":\"KONTAKT\"}]},{\"@type\":\"WebSite\",\"@id\":\"https:\/\/gevox.pl\/#website\",\"url\":\"https:\/\/gevox.pl\/\",\"name\":\"Biuro Rachunkowe Gda\u0144sk GevoX.pl\",\"description\":\"Biuro Rachunkowe Gda\u0144sk. Ksi\u0119gowo\u015b\u0107 Gda\u0144sk. Ksi\u0119gowa, ksi\u0119gowy. Doradztwo podatkowe Gda\u0144sk. Us\u0142ugi ksi\u0119gowe. Biuro ksi\u0119gowe us\u0142ugi rachunkowe\",\"publisher\":{\"@id\":\"https:\/\/gevox.pl\/#organization\"},\"potentialAction\":[{\"@type\":\"SearchAction\",\"target\":{\"@type\":\"EntryPoint\",\"urlTemplate\":\"https:\/\/gevox.pl\/?s={search_term_string}\"},\"query-input\":\"required name=search_term_string\"}],\"inLanguage\":\"pl-PL\"},{\"@type\":\"Organization\",\"@id\":\"https:\/\/gevox.pl\/#organization\",\"name\":\"Biuro Rachunkowe GevoX Kamil Chy\u0142a\",\"url\":\"https:\/\/gevox.pl\/\",\"logo\":{\"@type\":\"ImageObject\",\"inLanguage\":\"pl-PL\",\"@id\":\"https:\/\/gevox.pl\/#\/schema\/logo\/image\/\",\"url\":\"https:\/\/gevox.pl\/wp-content\/uploads\/2020\/08\/logo_google.png\",\"contentUrl\":\"https:\/\/gevox.pl\/wp-content\/uploads\/2020\/08\/logo_google.png\",\"width\":1802,\"height\":1686,\"caption\":\"Biuro Rachunkowe GevoX Kamil Chy\u0142a\"},\"image\":{\"@id\":\"https:\/\/gevox.pl\/#\/schema\/logo\/image\/\"}}]}<\/script>\n<!-- \/ Yoast SEO plugin. -->","yoast_head_json":{"title":"Biuro Rachunkowe Gda\u0144sk GevoX.pl - KONTAKT - Kamil Chy\u0142a","description":"Biuro Rachunkowe Gda\u0144sk GevoX.pl. Ksi\u0119gowo\u015b\u0107 Gda\u0144sk. Ksi\u0119gowa, ksi\u0119gowy. Doradztwo podatkowe Gda\u0144sk. Us\u0142ugi ksi\u0119gowe. Biuro ksi\u0119gowe. Cennik.","robots":{"index":"index","follow":"follow","max-snippet":"max-snippet:-1","max-image-preview":"max-image-preview:large","max-video-preview":"max-video-preview:-1"},"canonical":"https:\/\/gevox.pl\/?page_id=250","og_locale":"pl_PL","og_type":"article","og_title":"Biuro Rachunkowe Gda\u0144sk GevoX.pl - KONTAKT - Kamil Chy\u0142a","og_description":"Biuro Rachunkowe Gda\u0144sk GevoX.pl. Ksi\u0119gowo\u015b\u0107 Gda\u0144sk. Ksi\u0119gowa, ksi\u0119gowy. Doradztwo podatkowe Gda\u0144sk. Us\u0142ugi ksi\u0119gowe. Biuro ksi\u0119gowe. Cennik.","og_url":"https:\/\/gevox.pl\/?page_id=250","og_site_name":"Biuro Rachunkowe Gda\u0144sk GevoX.pl","article_modified_time":"2026-05-11T07:24:02+00:00","twitter_card":"summary_large_image","twitter_misc":{"Szacowany czas czytania":"1 minuta"},"schema":{"@context":"https:\/\/schema.org","@graph":[{"@type":"WebPage","@id":"https:\/\/gevox.pl\/?page_id=250","url":"https:\/\/gevox.pl\/?page_id=250","name":"Biuro Rachunkowe Gda\u0144sk GevoX.pl - KONTAKT - Kamil Chy\u0142a","isPartOf":{"@id":"https:\/\/gevox.pl\/#website"},"datePublished":"2020-07-31T13:27:13+00:00","dateModified":"2026-05-11T07:24:02+00:00","description":"Biuro Rachunkowe Gda\u0144sk GevoX.pl. Ksi\u0119gowo\u015b\u0107 Gda\u0144sk. Ksi\u0119gowa, ksi\u0119gowy. Doradztwo podatkowe Gda\u0144sk. Us\u0142ugi ksi\u0119gowe. Biuro ksi\u0119gowe. Cennik.","breadcrumb":{"@id":"https:\/\/gevox.pl\/?page_id=250#breadcrumb"},"inLanguage":"pl-PL","potentialAction":[{"@type":"ReadAction","target":["https:\/\/gevox.pl\/?page_id=250"]}]},{"@type":"BreadcrumbList","@id":"https:\/\/gevox.pl\/?page_id=250#breadcrumb","itemListElement":[{"@type":"ListItem","position":1,"name":"Strona g\u0142\u00f3wna","item":"https:\/\/gevox.pl\/"},{"@type":"ListItem","position":2,"name":"KONTAKT"}]},{"@type":"WebSite","@id":"https:\/\/gevox.pl\/#website","url":"https:\/\/gevox.pl\/","name":"Biuro Rachunkowe Gda\u0144sk GevoX.pl","description":"Biuro Rachunkowe Gda\u0144sk. Ksi\u0119gowo\u015b\u0107 Gda\u0144sk. Ksi\u0119gowa, ksi\u0119gowy. Doradztwo podatkowe Gda\u0144sk. Us\u0142ugi ksi\u0119gowe. Biuro ksi\u0119gowe us\u0142ugi rachunkowe","publisher":{"@id":"https:\/\/gevox.pl\/#organization"},"potentialAction":[{"@type":"SearchAction","target":{"@type":"EntryPoint","urlTemplate":"https:\/\/gevox.pl\/?s={search_term_string}"},"query-input":"required name=search_term_string"}],"inLanguage":"pl-PL"},{"@type":"Organization","@id":"https:\/\/gevox.pl\/#organization","name":"Biuro Rachunkowe GevoX Kamil Chy\u0142a","url":"https:\/\/gevox.pl\/","logo":{"@type":"ImageObject","inLanguage":"pl-PL","@id":"https:\/\/gevox.pl\/#\/schema\/logo\/image\/","url":"https:\/\/gevox.pl\/wp-content\/uploads\/2020\/08\/logo_google.png","contentUrl":"https:\/\/gevox.pl\/wp-content\/uploads\/2020\/08\/logo_google.png","width":1802,"height":1686,"caption":"Biuro Rachunkowe GevoX Kamil Chy\u0142a"},"image":{"@id":"https:\/\/gevox.pl\/#\/schema\/logo\/image\/"}}]}},"_links":{"self":[{"href":"https:\/\/gevox.pl\/index.php?rest_route=\/wp\/v2\/pages\/250"}],"collection":[{"href":"https:\/\/gevox.pl\/index.php?rest_route=\/wp\/v2\/pages"}],"about":[{"href":"https:\/\/gevox.pl\/index.php?rest_route=\/wp\/v2\/types\/page"}],"author":[{"embeddable":true,"href":"https:\/\/gevox.pl\/index.php?rest_route=\/wp\/v2\/users\/1"}],"replies":[{"embeddable":true,"href":"https:\/\/gevox.pl\/index.php?rest_route=%2Fwp%2Fv2%2Fcomments&post=250"}],"version-history":[{"count":48,"href":"https:\/\/gevox.pl\/index.php?rest_route=\/wp\/v2\/pages\/250\/revisions"}],"predecessor-version":[{"id":886,"href":"https:\/\/gevox.pl\/index.php?rest_route=\/wp\/v2\/pages\/250\/revisions\/886"}],"wp:attachment":[{"href":"https:\/\/gevox.pl\/index.php?rest_route=%2Fwp%2Fv2%2Fmedia&parent=250"}],"curies":[{"name":"wp","href":"https:\/\/api.w.org\/{rel}","templated":true}]}}