{"id":270,"date":"2020-07-31T16:01:51","date_gmt":"2020-07-31T14:01:51","guid":{"rendered":"http:\/\/gevox.pl\/home\/"},"modified":"2026-05-11T09:28:01","modified_gmt":"2026-05-11T07:28:01","slug":"strona-glowna","status":"publish","type":"page","link":"https:\/\/gevox.pl\/","title":{"rendered":"STRONA G\u0141\u00d3WNA"},"content":{"rendered":"\n<h1 class=\"wp-block-heading\">Biuro Rachunkowe Gda\u0144sk GevoX.pl Kamil Chy\u0142a<\/h1>\n\n\n\n<p>Biuro rachunkowe Gda\u0144sk GevoX.pl \u015bwiadczy us\u0142ugi w zakresie obs\u0142ugi ksi\u0119gowej mikro, ma\u0142ych i \u015brednich przedsi\u0119biorstw. Zapewniamy doradztwo podatkowe oraz kompleksow\u0105 obs\u0142ug\u0119 kadrowo-p\u0142acow\u0105. Bezp\u0142atnie pomo\u017cemy za\u0142o\u017cy\u0107 Ci dzia\u0142alno\u015b\u0107 gospodarcz\u0105 oraz dokona\u0107 wszelkich wymaganych formalno\u015bci, aby pocz\u0105tek naszej wsp\u00f3\u0142pracy by\u0142 owocny.<\/p>\n\n\n\n<p>Skr\u00f3ty nag\u0142\u00f3wk\u00f3w:<\/p>\n\n\n\n<p>Ksi\u0119gowo\u015b\u0107<\/p>\n\n\n\n<p><br>Dlaczego nasze biuro?<\/p>\n\n\n\n<p>Kim jeste\u015bmy?<\/p>\n\n\n\n<p>Cennik us\u0142ug przez nas oferowanych<\/p>\n\n\n\n<p>Nasza oferta<\/p>\n\n\n\n<p>Tagi<\/p>\n\n\n\n<p><a name=\"dlaczego\"><\/a><\/p>\n\n\n\n<h2 class=\"wp-block-heading\">Dlaczego nasze biuro rachunkowe?<\/h2>\n\n\n\n<p>Szanujemy Twoje zaufanie, poniewa\u017c zaufanie naszych klient\u00f3w jest najlepszym dowodem, na to \u017ce \u015bwiadczymy us\u0142ugi na wysokim poziomie. Na bie\u017c\u0105co przyswajamy nowe przepisy podatkowe, dzi\u0119ki czemu masz pewno\u015b\u0107, \u017ce twoje rozliczenia s\u0105 poprawne.<br>Posiadamy ubezpieczenie OC oraz ci\u0105gle podwy\u017cszamy swoje kwalifikacje, aby \u015bwiadczy\u0107 us\u0142ugi na jeszcze wy\u017cszym poziomie.<\/p>\n\n\n\n<p><a name=\"kim\"><\/a><\/p>\n\n\n\n<h2 class=\"wp-block-heading\">Jeste\u015bmy na terenie Gda\u0144ska Siedlce  o nas.<\/h2>\n\n\n\n<p>Biuro Rachunkowe GevoX.pl \u015bwiadczy us\u0142ugi ksi\u0119gowe. Na terenie Gda\u0144ska jeste\u015bmy od 2003 r. dzielnica Siedlce. Wcze\u015bniej biuro istnia\u0142o pod nazw\u0105 Biuro Rachunkowe DN Sp. z o.o. Na dzie\u0144 dzisiejszy mo\u017cemy pochwali\u0107 si\u0119 wsp\u00f3\u0142prac\u0105 w zakresie rachunkowo\u015bci z ponad 130 podmiotami gospodarczymi w formie jednoosobowych dzia\u0142alno\u015bci gospodarczych, sp\u00f3\u0142ek osobowych i kapita\u0142owych, kt\u00f3rzy s\u0105 zadowoleni z \u015bwiadczonych przez nas us\u0142ug, poniewa\u017c ich rozliczenia s\u0105 prowadzone w spos\u00f3b jasny i rzetelny.<\/p>\n\n\n\n<figure class=\"wp-block-image size-large is-resized is-style-default\"><img decoding=\"async\" width=\"1024\" height=\"683\" src=\"https:\/\/gevox.pl\/wp-content\/uploads\/2020\/08\/rece1-1024x683.jpg\" alt=\"Wsp\u00f3\u0142praca biuro rachunkowe\" class=\"wp-image-525\" style=\"width:512px;height:342px\" srcset=\"https:\/\/gevox.pl\/wp-content\/uploads\/2020\/08\/rece1-1024x683.jpg 1024w, https:\/\/gevox.pl\/wp-content\/uploads\/2020\/08\/rece1-300x200.jpg 300w, https:\/\/gevox.pl\/wp-content\/uploads\/2020\/08\/rece1-768x512.jpg 768w, https:\/\/gevox.pl\/wp-content\/uploads\/2020\/08\/rece1-1536x1024.jpg 1536w, https:\/\/gevox.pl\/wp-content\/uploads\/2020\/08\/rece1.jpg 1600w\" sizes=\"(max-width: 1024px) 100vw, 1024px\" \/><\/figure>\n\n\n\n<p><a name=\"cennik\"><\/a><\/p>\n\n\n\n<h2 class=\"wp-block-heading\">Cennik i wycena us\u0142ug.<\/h2>\n\n\n\n<p>Ksi\u0119gowo\u015b\u0107 charakteryzuje si\u0119 zr\u00f3\u017cnicowaniem koszt\u00f3w jej prowadzenia, dlatego w zale\u017cno\u015bci od wielko\u015bci podmiotu na rzecz, kt\u00f3rego us\u0142uga jest \u015bwiadczona ustalamy indywidualn\u0105 cen\u0119.<br><\/p>\n\n\n\n<h3 class=\"wp-block-heading\">Indywidualna wycena.<\/h3>\n\n\n\n<p>W przypadku naszego biura rachunkowego dolna granica miesi\u0119cznego kosztu obs\u0142ugi wynosi 150 z\u0142 brutto. Od sytuacji w jakiej znajduje si\u0119 nasz potencjalny klient mamy dla niego w zanadrzu przygotowane atrakcyjne promocje, aby odpowiednio dostosowa\u0107 cen\u0119.<\/p>\n\n\n\n<h3 class=\"wp-block-heading\">Jak ustalana jest wycena?<\/h3>\n\n\n\n<p>Zap\u0142acisz u nas sta\u0142\u0105 miesi\u0119czn\u0105 op\u0142at\u0119, bez dodatkowych ukrytych koszt\u00f3w, dzi\u0119ki czemu mo\u017cesz lepiej zaplanowa\u0107 swoje wydatki!<br>W celu ustalenia konkretnej wyceny prosimy o wype\u0142nienie formularza.<\/p>\n\n\n\n<p><a name=\"oferta Gda\u0144sk\"><\/a><\/p>\n\n\n\n<h2 class=\"wp-block-heading\">Us\u0142ugi dla klient\u00f3w<\/h2>\n\n\n\n<h3 class=\"wp-block-heading\">Co wyszczeg\u00f3lnia obs\u0142uga ksi\u0119gowa.<\/h3>\n\n\n\n<p>Prowadzenie Ksi\u0105\u017cki Przychod\u00f3w i Rozchod\u00f3w.<br>Rozliczenia rycza\u0142tu od przychod\u00f3w ewidencjonowanych.<br>Ewidencja \u015brodk\u00f3w trwa\u0142ych i tabel amortyzacyjnych.<br>Rejestry z tytu\u0142u podatku VAT.<br>Obliczanie zaliczek na podatek dochodowy od os\u00f3b fizycznych<br>i prawnych.<br>Sporz\u0105dzanie i wysy\u0142anie deklaracji podatkowych (VAT, PIT, CIT)<br>Wysy\u0142ka plik\u00f3w JPK.<br>Monitorowanie stanu finansowego firmy, aby m\u00f3c wcze\u015bnie zaplanowa\u0107 pewne zmiany.<br>Rozliczenia roczne.<br><\/p>\n\n\n\n<h3 class=\"wp-block-heading\">Rozliczanie pracownik\u00f3w<\/h3>\n\n\n\n<p>Sporz\u0105dzanie list p\u0142ac.<br>Wysy\u0142ka deklaracji do Urz\u0119du Skarbowego PIT-4R, PIT-11<br>Przygotowanie \u015bwiadectw pracy.<br><\/p>\n\n\n\n<p><br>Dedykowany ksi\u0119gowy b\u0119dzie obs\u0142ugiwa\u0142 Twoj\u0105 dzia\u0142alno\u015b\u0107, wi\u0119c b\u0119dziesz m\u00f3g\u0142 zada\u0107 mu nurtuj\u0105ce Ci\u0119 pytania.<\/p>\n\n\n\n<p><br>B\u0119dziemy Ci\u0119 reprezentowa\u0107 przed Urz\u0119dem Skarbowym oraz Zak\u0142adem Ubezpiecze\u0144 Spo\u0142ecznych, aby\u015b mia\u0142 wi\u0119cej czasu na rozwijanie swojej dzia\u0142alno\u015bci.<\/p>\n\n\n\n<p><br>Aby podnie\u015b\u0107 poziom bezpiecze\u0144stwa klient\u00f3w posiadamy ubezpieczenie cywilne dla \u015bwiadczenia us\u0142ug ksi\u0119gowych.<\/p>\n\n\n\n<p>Wyprowadzanie zaleg\u0142o\u015bci<br>Skontaktuj si\u0119 z nami w celu ich wyprowadzenia.<br>Prowadzimy kompleksowe us\u0142ugi w zakresie spraw kadrowo-p\u0142acowych dla Twoich pracownik\u00f3w i dla Ciebie oraz pilnujemy wszelkich termin\u00f3w, aby niczego nie przeoczy\u0107.<br>Po sko\u0144czonym roku przygotujemy dla Ciebie zeznanie roczne PIT bez dodatkowych op\u0142at w ramach sta\u0142ej us\u0142ugi, poniewa\u017c za nasze us\u0142ugi p\u0142acisz rycza\u0142towo stabiln\u0105 cen\u0119.<\/p>\n\n\n\n<p><a name=\"tagi\"><\/a><\/p>\n\n\n\n<h2 class=\"wp-block-heading\">Tagi na stronie biura<\/h2>\n\n\n\n<h3 class=\"wp-block-heading\">W\u015br\u00f3d tag\u00f3w wyr\u00f3\u017cniamy<\/h3>\n\n\n\n<p>Ksi\u0119gowy, ksi\u0119gowa, ksi\u0119gowo\u015b\u0107, rachunkowo\u015b\u0107, dzia\u0142alno\u015b\u0107 gospodarcza, prowadzenie firmy, rozliczanie podatk\u00f3w, rozliczenie zus<\/p>\n\n\n\n<p>Gda\u0144sk biuro rachunkowe, Siedlce ksi\u0119gowo\u015b\u0107, podatki od firmy, zus, ksi\u0119gowanie, faktury, sprawozdanie, sp\u00f3\u0142ka, rozliczenie, pit, zeznanie roczne, rozliczenie roczne, podatki, pit, cit, firma, moja firma, biuro rachunkowe gda\u0144sk, ksi\u0119gowo\u015b\u0107 gda\u0144sk, biuro ksi\u0119gowe gda\u0144sk, gevo, gevo.pl, ksiegowosc gdansk, us\u0142ugi ksi\u0119gowe gda\u0144sk, pe\u0142na ksi\u0119gowo\u015b\u0107 gda\u0144sk, us\u0142ugi rachunkowe gda\u0144sk, prowadzenie rachunkowo\u015bci gda\u0144sk, rachunkowo\u015b\u0107 gda\u0144sk, ksi\u0119gowa gda\u0144sk, dobra ksi\u0119gowa gda\u0144sk, doradztwo podatkowe gda\u0144sk, prowadzenie ksi\u0119gowo\u015bci gda\u0144sk, ksiegowa gdansk, konsultacje podatkowe gda\u0144sk, kadry i p\u0142ace gda\u0144sk, biuro rachunkowe gda\u0144sk siedlce, sprawozdania finansowe gda\u0144sk, badanie sprawozda\u0144 finansowych gda\u0144sk<\/p>\n\n\n\n<p>Urz\u0105d Skarbowy, <a href=\"https:\/\/prod.ceidg.gov.pl\/\" target=\"_blank\" aria-label=\"CEIDG (opens in a new tab)\" rel=\"noreferrer noopener\" class=\"ek-link\">CEIDG<\/a>, PFRON, <a href=\"#https:\/\/www.zus.pl\/\" class=\"ek-link\">ZUS<\/a><\/p>\n","protected":false},"excerpt":{"rendered":"<p>Biuro Rachunkowe Gda\u0144sk GevoX.pl Kamil Chy\u0142a Biuro rachunkowe Gda\u0144sk GevoX.pl \u015bwiadczy us\u0142ugi w zakresie obs\u0142ugi ksi\u0119gowej mikro, ma\u0142ych i \u015brednich przedsi\u0119biorstw. Zapewniamy doradztwo podatkowe oraz kompleksow\u0105 obs\u0142ug\u0119 kadrowo-p\u0142acow\u0105. Bezp\u0142atnie pomo\u017cemy za\u0142o\u017cy\u0107 Ci dzia\u0142alno\u015b\u0107 gospodarcz\u0105 oraz dokona\u0107 wszelkich wymaganych formalno\u015bci, aby pocz\u0105tek naszej wsp\u00f3\u0142pracy by\u0142 owocny. Skr\u00f3ty nag\u0142\u00f3wk\u00f3w: Ksi\u0119gowo\u015b\u0107 Dlaczego nasze biuro? Kim jeste\u015bmy? Cennik us\u0142ug [&hellip;]<\/p>\n","protected":false},"author":1,"featured_media":562,"parent":0,"menu_order":0,"comment_status":"closed","ping_status":"closed","template":"page-templates\/frontpage.php","meta":{"_editorskit_title_hidden":false,"_editorskit_reading_time":2,"_editorskit_is_block_options_detached":false,"_editorskit_block_options_position":"{}","footnotes":""},"yoast_head":"<!-- This site is optimized with the Yoast SEO plugin v22.6 - https:\/\/yoast.com\/wordpress\/plugins\/seo\/ -->\n<title>Biuro Rachunkowe Gda\u0144sk GevoX.pl - ksi\u0119gowo\u015b\u0107<\/title>\n<meta name=\"description\" content=\"Biuro Rachunkowe Gda\u0144sk \u2705 Ksi\u0119gowo\u015b\u0107 Gda\u0144sk. Ksi\u0119gowa ksi\u0119gowy. Doradztwo podatkowe Gda\u0144sk. Us\u0142ugi ksi\u0119gowe. Biuro ksi\u0119gowe us\u0142ugi rachunkowe\" \/>\n<meta name=\"robots\" content=\"index, follow, max-snippet:-1, max-image-preview:large, max-video-preview:-1\" \/>\n<link rel=\"canonical\" href=\"https:\/\/gevox.pl\/\" \/>\n<meta property=\"og:locale\" content=\"pl_PL\" \/>\n<meta property=\"og:type\" content=\"article\" \/>\n<meta property=\"og:title\" content=\"Biuro Rachunkowe Gda\u0144sk GevoX.pl - ksi\u0119gowo\u015b\u0107\" \/>\n<meta property=\"og:description\" content=\"Biuro Rachunkowe Gda\u0144sk \u2705 Ksi\u0119gowo\u015b\u0107 Gda\u0144sk. Ksi\u0119gowa ksi\u0119gowy. Doradztwo podatkowe Gda\u0144sk. Us\u0142ugi ksi\u0119gowe. Biuro ksi\u0119gowe us\u0142ugi rachunkowe\" \/>\n<meta property=\"og:url\" content=\"https:\/\/gevox.pl\/\" \/>\n<meta property=\"og:site_name\" content=\"Biuro Rachunkowe Gda\u0144sk GevoX.pl\" \/>\n<meta property=\"article:modified_time\" content=\"2026-05-11T07:28:01+00:00\" \/>\n<meta property=\"og:image\" content=\"https:\/\/gevox.pl\/wp-content\/uploads\/2020\/08\/logo_google.png\" \/>\n\t<meta property=\"og:image:width\" content=\"1802\" \/>\n\t<meta property=\"og:image:height\" content=\"1686\" \/>\n\t<meta property=\"og:image:type\" content=\"image\/png\" \/>\n<meta name=\"twitter:card\" content=\"summary_large_image\" \/>\n<meta name=\"twitter:label1\" content=\"Szacowany czas czytania\" \/>\n\t<meta name=\"twitter:data1\" content=\"4 minuty\" \/>\n<script type=\"application\/ld+json\" class=\"yoast-schema-graph\">{\"@context\":\"https:\/\/schema.org\",\"@graph\":[{\"@type\":\"WebPage\",\"@id\":\"https:\/\/gevox.pl\/\",\"url\":\"https:\/\/gevox.pl\/\",\"name\":\"Biuro Rachunkowe Gda\u0144sk GevoX.pl - ksi\u0119gowo\u015b\u0107\",\"isPartOf\":{\"@id\":\"https:\/\/gevox.pl\/#website\"},\"primaryImageOfPage\":{\"@id\":\"https:\/\/gevox.pl\/#primaryimage\"},\"image\":{\"@id\":\"https:\/\/gevox.pl\/#primaryimage\"},\"thumbnailUrl\":\"https:\/\/gevox.pl\/wp-content\/uploads\/2020\/08\/logo_google.png\",\"datePublished\":\"2020-07-31T14:01:51+00:00\",\"dateModified\":\"2026-05-11T07:28:01+00:00\",\"description\":\"Biuro Rachunkowe Gda\u0144sk \u2705 Ksi\u0119gowo\u015b\u0107 Gda\u0144sk. Ksi\u0119gowa ksi\u0119gowy. Doradztwo podatkowe Gda\u0144sk. Us\u0142ugi ksi\u0119gowe. Biuro ksi\u0119gowe us\u0142ugi rachunkowe\",\"breadcrumb\":{\"@id\":\"https:\/\/gevox.pl\/#breadcrumb\"},\"inLanguage\":\"pl-PL\",\"potentialAction\":[{\"@type\":\"ReadAction\",\"target\":[\"https:\/\/gevox.pl\/\"]}]},{\"@type\":\"ImageObject\",\"inLanguage\":\"pl-PL\",\"@id\":\"https:\/\/gevox.pl\/#primaryimage\",\"url\":\"https:\/\/gevox.pl\/wp-content\/uploads\/2020\/08\/logo_google.png\",\"contentUrl\":\"https:\/\/gevox.pl\/wp-content\/uploads\/2020\/08\/logo_google.png\",\"width\":1802,\"height\":1686,\"caption\":\"GevoX.pl_logo_google\"},{\"@type\":\"BreadcrumbList\",\"@id\":\"https:\/\/gevox.pl\/#breadcrumb\",\"itemListElement\":[{\"@type\":\"ListItem\",\"position\":1,\"name\":\"Strona g\u0142\u00f3wna\",\"item\":\"https:\/\/gevox.pl\/\"},{\"@type\":\"ListItem\",\"position\":2,\"name\":\"STRONA G\u0141\u00d3WNA\"}]},{\"@type\":\"WebSite\",\"@id\":\"https:\/\/gevox.pl\/#website\",\"url\":\"https:\/\/gevox.pl\/\",\"name\":\"Biuro Rachunkowe Gda\u0144sk GevoX.pl\",\"description\":\"Biuro Rachunkowe Gda\u0144sk. Ksi\u0119gowo\u015b\u0107 Gda\u0144sk. Ksi\u0119gowa, ksi\u0119gowy. Doradztwo podatkowe Gda\u0144sk. Us\u0142ugi ksi\u0119gowe. Biuro ksi\u0119gowe us\u0142ugi rachunkowe\",\"publisher\":{\"@id\":\"https:\/\/gevox.pl\/#organization\"},\"potentialAction\":[{\"@type\":\"SearchAction\",\"target\":{\"@type\":\"EntryPoint\",\"urlTemplate\":\"https:\/\/gevox.pl\/?s={search_term_string}\"},\"query-input\":\"required name=search_term_string\"}],\"inLanguage\":\"pl-PL\"},{\"@type\":\"Organization\",\"@id\":\"https:\/\/gevox.pl\/#organization\",\"name\":\"Biuro Rachunkowe GevoX Kamil Chy\u0142a\",\"url\":\"https:\/\/gevox.pl\/\",\"logo\":{\"@type\":\"ImageObject\",\"inLanguage\":\"pl-PL\",\"@id\":\"https:\/\/gevox.pl\/#\/schema\/logo\/image\/\",\"url\":\"https:\/\/gevox.pl\/wp-content\/uploads\/2020\/08\/logo_google.png\",\"contentUrl\":\"https:\/\/gevox.pl\/wp-content\/uploads\/2020\/08\/logo_google.png\",\"width\":1802,\"height\":1686,\"caption\":\"Biuro Rachunkowe GevoX Kamil Chy\u0142a\"},\"image\":{\"@id\":\"https:\/\/gevox.pl\/#\/schema\/logo\/image\/\"}}]}<\/script>\n<!-- \/ Yoast SEO plugin. -->","yoast_head_json":{"title":"Biuro Rachunkowe Gda\u0144sk GevoX.pl - ksi\u0119gowo\u015b\u0107","description":"Biuro Rachunkowe Gda\u0144sk \u2705 Ksi\u0119gowo\u015b\u0107 Gda\u0144sk. Ksi\u0119gowa ksi\u0119gowy. Doradztwo podatkowe Gda\u0144sk. Us\u0142ugi ksi\u0119gowe. Biuro ksi\u0119gowe us\u0142ugi rachunkowe","robots":{"index":"index","follow":"follow","max-snippet":"max-snippet:-1","max-image-preview":"max-image-preview:large","max-video-preview":"max-video-preview:-1"},"canonical":"https:\/\/gevox.pl\/","og_locale":"pl_PL","og_type":"article","og_title":"Biuro Rachunkowe Gda\u0144sk GevoX.pl - ksi\u0119gowo\u015b\u0107","og_description":"Biuro Rachunkowe Gda\u0144sk \u2705 Ksi\u0119gowo\u015b\u0107 Gda\u0144sk. Ksi\u0119gowa ksi\u0119gowy. Doradztwo podatkowe Gda\u0144sk. Us\u0142ugi ksi\u0119gowe. Biuro ksi\u0119gowe us\u0142ugi rachunkowe","og_url":"https:\/\/gevox.pl\/","og_site_name":"Biuro Rachunkowe Gda\u0144sk GevoX.pl","article_modified_time":"2026-05-11T07:28:01+00:00","og_image":[{"width":1802,"height":1686,"url":"https:\/\/gevox.pl\/wp-content\/uploads\/2020\/08\/logo_google.png","type":"image\/png"}],"twitter_card":"summary_large_image","twitter_misc":{"Szacowany czas czytania":"4 minuty"},"schema":{"@context":"https:\/\/schema.org","@graph":[{"@type":"WebPage","@id":"https:\/\/gevox.pl\/","url":"https:\/\/gevox.pl\/","name":"Biuro Rachunkowe Gda\u0144sk GevoX.pl - ksi\u0119gowo\u015b\u0107","isPartOf":{"@id":"https:\/\/gevox.pl\/#website"},"primaryImageOfPage":{"@id":"https:\/\/gevox.pl\/#primaryimage"},"image":{"@id":"https:\/\/gevox.pl\/#primaryimage"},"thumbnailUrl":"https:\/\/gevox.pl\/wp-content\/uploads\/2020\/08\/logo_google.png","datePublished":"2020-07-31T14:01:51+00:00","dateModified":"2026-05-11T07:28:01+00:00","description":"Biuro Rachunkowe Gda\u0144sk \u2705 Ksi\u0119gowo\u015b\u0107 Gda\u0144sk. Ksi\u0119gowa ksi\u0119gowy. Doradztwo podatkowe Gda\u0144sk. Us\u0142ugi ksi\u0119gowe. Biuro ksi\u0119gowe us\u0142ugi rachunkowe","breadcrumb":{"@id":"https:\/\/gevox.pl\/#breadcrumb"},"inLanguage":"pl-PL","potentialAction":[{"@type":"ReadAction","target":["https:\/\/gevox.pl\/"]}]},{"@type":"ImageObject","inLanguage":"pl-PL","@id":"https:\/\/gevox.pl\/#primaryimage","url":"https:\/\/gevox.pl\/wp-content\/uploads\/2020\/08\/logo_google.png","contentUrl":"https:\/\/gevox.pl\/wp-content\/uploads\/2020\/08\/logo_google.png","width":1802,"height":1686,"caption":"GevoX.pl_logo_google"},{"@type":"BreadcrumbList","@id":"https:\/\/gevox.pl\/#breadcrumb","itemListElement":[{"@type":"ListItem","position":1,"name":"Strona g\u0142\u00f3wna","item":"https:\/\/gevox.pl\/"},{"@type":"ListItem","position":2,"name":"STRONA G\u0141\u00d3WNA"}]},{"@type":"WebSite","@id":"https:\/\/gevox.pl\/#website","url":"https:\/\/gevox.pl\/","name":"Biuro Rachunkowe Gda\u0144sk GevoX.pl","description":"Biuro Rachunkowe Gda\u0144sk. Ksi\u0119gowo\u015b\u0107 Gda\u0144sk. Ksi\u0119gowa, ksi\u0119gowy. Doradztwo podatkowe Gda\u0144sk. Us\u0142ugi ksi\u0119gowe. Biuro ksi\u0119gowe us\u0142ugi rachunkowe","publisher":{"@id":"https:\/\/gevox.pl\/#organization"},"potentialAction":[{"@type":"SearchAction","target":{"@type":"EntryPoint","urlTemplate":"https:\/\/gevox.pl\/?s={search_term_string}"},"query-input":"required name=search_term_string"}],"inLanguage":"pl-PL"},{"@type":"Organization","@id":"https:\/\/gevox.pl\/#organization","name":"Biuro Rachunkowe GevoX Kamil Chy\u0142a","url":"https:\/\/gevox.pl\/","logo":{"@type":"ImageObject","inLanguage":"pl-PL","@id":"https:\/\/gevox.pl\/#\/schema\/logo\/image\/","url":"https:\/\/gevox.pl\/wp-content\/uploads\/2020\/08\/logo_google.png","contentUrl":"https:\/\/gevox.pl\/wp-content\/uploads\/2020\/08\/logo_google.png","width":1802,"height":1686,"caption":"Biuro Rachunkowe GevoX Kamil Chy\u0142a"},"image":{"@id":"https:\/\/gevox.pl\/#\/schema\/logo\/image\/"}}]}},"_links":{"self":[{"href":"https:\/\/gevox.pl\/index.php?rest_route=\/wp\/v2\/pages\/270"}],"collection":[{"href":"https:\/\/gevox.pl\/index.php?rest_route=\/wp\/v2\/pages"}],"about":[{"href":"https:\/\/gevox.pl\/index.php?rest_route=\/wp\/v2\/types\/page"}],"author":[{"embeddable":true,"href":"https:\/\/gevox.pl\/index.php?rest_route=\/wp\/v2\/users\/1"}],"replies":[{"embeddable":true,"href":"https:\/\/gevox.pl\/index.php?rest_route=%2Fwp%2Fv2%2Fcomments&post=270"}],"version-history":[{"count":41,"href":"https:\/\/gevox.pl\/index.php?rest_route=\/wp\/v2\/pages\/270\/revisions"}],"predecessor-version":[{"id":887,"href":"https:\/\/gevox.pl\/index.php?rest_route=\/wp\/v2\/pages\/270\/revisions\/887"}],"wp:featuredmedia":[{"embeddable":true,"href":"https:\/\/gevox.pl\/index.php?rest_route=\/wp\/v2\/media\/562"}],"wp:attachment":[{"href":"https:\/\/gevox.pl\/index.php?rest_route=%2Fwp%2Fv2%2Fmedia&parent=270"}],"curies":[{"name":"wp","href":"https:\/\/api.w.org\/{rel}","templated":true}]}}